{"id":7430,"date":"2024-03-01T19:01:41","date_gmt":"2024-03-01T19:01:41","guid":{"rendered":"https:\/\/azimutnauticshop.com\/index.php\/product\/chico-pojas-za-spasavanje-100n-djecji-3-10kg\/"},"modified":"2025-03-07T11:03:48","modified_gmt":"2025-03-07T11:03:48","slug":"chico-pojas-za-spasavanje-100n-djecji-3-10kg","status":"publish","type":"product","link":"https:\/\/azimutnauticshop.com\/index.php\/product\/chico-pojas-za-spasavanje-100n-djecji-3-10kg\/","title":{"rendered":"CHICO POJAS ZA SPA\u0160AVANJE 100N, dje\u010dji, 3-10kg"},"content":{"rendered":"<p><span style=\"vertical-align: inherit\"><span style=\"vertical-align: inherit\">Chico 100N dje\u010dji pojas za spa\u0161avanje pru\u017ea maksimalnu sigurnost. Veliki plutaju\u0107i ovratnik dr\u017ei glavu djeteta i ima na sebi ugra\u0111enu traku za izvla\u010denje iz vode. Pravilna raspodjela pjena unutar samoga pojasa omogu\u0107uje brzo okretanje te namje\u0161tanje u ispravan polo\u017eaj djeteta.<\/span><\/span><\/p>\n<p><span style=\"vertical-align: inherit\"><span style=\"vertical-align: inherit\">Sa pojasom dolaze zvi\u017edaljka, plasti\u010dni patent zatvara\u010d i SOLAS retroreflektivne trake. Na dnu pojasa nalaze se krajevi vezica za pode\u0161avanje \u0161irine pojasa. Dje\u010dji pojas za spa\u0161avanje Chico 100N odobren je prema najnovijim europskim standardima za 100N pojas za spa\u0161avanje ISO 12402-4. Materijal od kojeg su napravljeni odobreni su prema standardima ISO 12402-7 i ISO 12402 -8.<\/span><\/span><\/p>\n<p><span style=\"vertical-align: inherit\"><span style=\"vertical-align: inherit\">Specifikacije: <\/span><\/span><br \/>\n<span style=\"vertical-align: inherit\"><span style=\"vertical-align: inherit\">*za te\u017einu od 3 do 10 kg <\/span><\/span><br \/>\n<span style=\"vertical-align: inherit\"><span style=\"vertical-align: inherit\">*za obim prsnog ko\u0161a 50 do 60 cm<\/span><\/span><\/p>\n","protected":false},"excerpt":{"rendered":"<p><span style=\"vertical-align: inherit\"><span style=\"vertical-align: inherit\"><span style=\"vertical-align: inherit\"><span style=\"vertical-align: inherit\">Chico 100N dje\u010dji pojas za spa\u0161avanje pru\u017ea maksimalnu sigurnost. <\/span><\/span><\/span><span style=\"vertical-align: inherit\"><span style=\"vertical-align: inherit\"><span style=\"vertical-align: inherit\">Veliki plutaju\u0107i ovratnik dr\u017ei glavu djeteta i ima na sebi ugra\u0111enu traku za izvla\u010denje iz vode.\u00a0<\/span><\/span><\/span><\/span><\/p>\n","protected":false},"featured_media":7573,"comment_status":"open","ping_status":"closed","template":"","meta":{"site-sidebar-layout":"default","site-content-layout":"","ast-site-content-layout":"default","site-content-style":"default","site-sidebar-style":"default","ast-global-header-display":"","ast-banner-title-visibility":"","ast-main-header-display":"","ast-hfb-above-header-display":"","ast-hfb-below-header-display":"","ast-hfb-mobile-header-display":"","site-post-title":"","ast-breadcrumbs-content":"","ast-featured-img":"","footer-sml-layout":"","theme-transparent-header-meta":"default","adv-header-id-meta":"","stick-header-meta":"","header-above-stick-meta":"","header-main-stick-meta":"","header-below-stick-meta":"","astra-migrate-meta-layouts":"set","ast-page-background-enabled":"default","ast-page-background-meta":{"desktop":{"background-color":"","background-image":"","background-repeat":"repeat","background-position":"center center","background-size":"auto","background-attachment":"scroll","background-type":"","background-media":"","overlay-type":"","overlay-color":"","overlay-opacity":"","overlay-gradient":""},"tablet":{"background-color":"","background-image":"","background-repeat":"repeat","background-position":"center center","background-size":"auto","background-attachment":"scroll","background-type":"","background-media":"","overlay-type":"","overlay-color":"","overlay-opacity":"","overlay-gradient":""},"mobile":{"background-color":"","background-image":"","background-repeat":"repeat","background-position":"center center","background-size":"auto","background-attachment":"scroll","background-type":"","background-media":"","overlay-type":"","overlay-color":"","overlay-opacity":"","overlay-gradient":""}},"ast-content-background-meta":{"desktop":{"background-color":"var(--ast-global-color-5)","background-image":"","background-repeat":"repeat","background-position":"center center","background-size":"auto","background-attachment":"scroll","background-type":"","background-media":"","overlay-type":"","overlay-color":"","overlay-opacity":"","overlay-gradient":""},"tablet":{"background-color":"var(--ast-global-color-5)","background-image":"","background-repeat":"repeat","background-position":"center center","background-size":"auto","background-attachment":"scroll","background-type":"","background-media":"","overlay-type":"","overlay-color":"","overlay-opacity":"","overlay-gradient":""},"mobile":{"background-color":"var(--ast-global-color-5)","background-image":"","background-repeat":"repeat","background-position":"center center","background-size":"auto","background-attachment":"scroll","background-type":"","background-media":"","overlay-type":"","overlay-color":"","overlay-opacity":"","overlay-gradient":""}}},"product_brand":[],"product_cat":[87],"product_tag":[],"class_list":{"0":"post-7430","1":"product","2":"type-product","3":"status-publish","4":"has-post-thumbnail","6":"product_cat-prsluci-za-spasavanje","7":"desktop-align-center","8":"tablet-align-center","9":"mobile-align-center","11":"first","12":"instock","13":"shipping-taxable","14":"purchasable","15":"product-type-simple"},"yoast_head":"<!-- This site is optimized with the Yoast SEO plugin v25.2 - https:\/\/yoast.com\/wordpress\/plugins\/seo\/ -->\n<title>CHICO POJAS ZA SPA\u0160AVANJE 100N, dje\u010dji, 3-10kg<\/title>\n<meta name=\"description\" content=\"Chico 100N dje\u010dji pojas za spa\u0161avanje pru\u017ea maksimalnu sigurnost. Veliki plutaju\u0107i ovratnik dr\u017ei glavu djeteta i ima na sebi ugra\u0111enu traku za izvla\u010denje iz vode.\u00a0\" \/>\n<meta name=\"robots\" content=\"index, follow, max-snippet:-1, max-image-preview:large, max-video-preview:-1\" \/>\n<link rel=\"canonical\" href=\"https:\/\/azimutnauticshop.com\/index.php\/product\/chico-pojas-za-spasavanje-100n-djecji-3-10kg\/\" \/>\n<meta property=\"og:locale\" content=\"en_GB\" \/>\n<meta property=\"og:type\" content=\"article\" \/>\n<meta property=\"og:title\" content=\"CHICO POJAS ZA SPA\u0160AVANJE 100N, dje\u010dji, 3-10kg\" \/>\n<meta property=\"og:description\" content=\"Chico 100N dje\u010dji pojas za spa\u0161avanje pru\u017ea maksimalnu sigurnost. Veliki plutaju\u0107i ovratnik dr\u017ei glavu djeteta i ima na sebi ugra\u0111enu traku za izvla\u010denje iz vode.\u00a0\" \/>\n<meta property=\"og:url\" content=\"https:\/\/azimutnauticshop.com\/index.php\/product\/chico-pojas-za-spasavanje-100n-djecji-3-10kg\/\" \/>\n<meta property=\"og:site_name\" content=\"Azimut Nautic Shop\" \/>\n<meta property=\"article:publisher\" content=\"https:\/\/www.facebook.com\/NauticshopAzimut\/\" \/>\n<meta property=\"article:modified_time\" content=\"2025-03-07T11:03:48+00:00\" \/>\n<meta property=\"og:image\" content=\"https:\/\/azimutnauticshop.com\/wp-content\/uploads\/2024\/03\/82a48c05-e640-448d-84b2-c27c6cfbd727-scaled.jpg\" \/>\n\t<meta property=\"og:image:width\" content=\"2560\" \/>\n\t<meta property=\"og:image:height\" content=\"2560\" \/>\n\t<meta property=\"og:image:type\" content=\"image\/jpeg\" \/>\n<meta name=\"twitter:card\" content=\"summary_large_image\" \/>\n<meta name=\"twitter:label1\" content=\"Estimated reading time\" \/>\n\t<meta name=\"twitter:data1\" content=\"1 minute\" \/>\n<script type=\"application\/ld+json\" class=\"yoast-schema-graph\">{\"@context\":\"https:\/\/schema.org\",\"@graph\":[{\"@type\":\"WebPage\",\"@id\":\"https:\/\/azimutnauticshop.com\/index.php\/product\/chico-pojas-za-spasavanje-100n-djecji-3-10kg\/\",\"url\":\"https:\/\/azimutnauticshop.com\/index.php\/product\/chico-pojas-za-spasavanje-100n-djecji-3-10kg\/\",\"name\":\"CHICO POJAS ZA SPA\u0160AVANJE 100N, dje\u010dji, 3-10kg\",\"isPartOf\":{\"@id\":\"https:\/\/azimutnauticshop.com\/#website\"},\"primaryImageOfPage\":{\"@id\":\"https:\/\/azimutnauticshop.com\/index.php\/product\/chico-pojas-za-spasavanje-100n-djecji-3-10kg\/#primaryimage\"},\"image\":{\"@id\":\"https:\/\/azimutnauticshop.com\/index.php\/product\/chico-pojas-za-spasavanje-100n-djecji-3-10kg\/#primaryimage\"},\"thumbnailUrl\":\"https:\/\/azimutnauticshop.com\/wp-content\/uploads\/2024\/03\/82a48c05-e640-448d-84b2-c27c6cfbd727-scaled.jpg\",\"datePublished\":\"2024-03-01T19:01:41+00:00\",\"dateModified\":\"2025-03-07T11:03:48+00:00\",\"description\":\"Chico 100N dje\u010dji pojas za spa\u0161avanje pru\u017ea maksimalnu sigurnost. Veliki plutaju\u0107i ovratnik dr\u017ei glavu djeteta i ima na sebi ugra\u0111enu traku za izvla\u010denje iz vode.\u00a0\",\"breadcrumb\":{\"@id\":\"https:\/\/azimutnauticshop.com\/index.php\/product\/chico-pojas-za-spasavanje-100n-djecji-3-10kg\/#breadcrumb\"},\"inLanguage\":\"en-GB\",\"potentialAction\":[{\"@type\":\"ReadAction\",\"target\":[\"https:\/\/azimutnauticshop.com\/index.php\/product\/chico-pojas-za-spasavanje-100n-djecji-3-10kg\/\"]}]},{\"@type\":\"ImageObject\",\"inLanguage\":\"en-GB\",\"@id\":\"https:\/\/azimutnauticshop.com\/index.php\/product\/chico-pojas-za-spasavanje-100n-djecji-3-10kg\/#primaryimage\",\"url\":\"https:\/\/azimutnauticshop.com\/wp-content\/uploads\/2024\/03\/82a48c05-e640-448d-84b2-c27c6cfbd727-scaled.jpg\",\"contentUrl\":\"https:\/\/azimutnauticshop.com\/wp-content\/uploads\/2024\/03\/82a48c05-e640-448d-84b2-c27c6cfbd727-scaled.jpg\",\"width\":2560,\"height\":2560},{\"@type\":\"BreadcrumbList\",\"@id\":\"https:\/\/azimutnauticshop.com\/index.php\/product\/chico-pojas-za-spasavanje-100n-djecji-3-10kg\/#breadcrumb\",\"itemListElement\":[{\"@type\":\"ListItem\",\"position\":1,\"name\":\"Po\u010detna\",\"item\":\"https:\/\/azimutnauticshop.com\/\"},{\"@type\":\"ListItem\",\"position\":2,\"name\":\"Trgovina\",\"item\":\"https:\/\/azimutnauticshop.com\/index.php\/trgovina\/\"},{\"@type\":\"ListItem\",\"position\":3,\"name\":\"CHICO POJAS ZA SPA\u0160AVANJE 100N, dje\u010dji, 3-10kg\"}]},{\"@type\":\"WebSite\",\"@id\":\"https:\/\/azimutnauticshop.com\/#website\",\"url\":\"https:\/\/azimutnauticshop.com\/\",\"name\":\"Azimut Nautic Shop\",\"description\":\"Prona\u0111ite svoj Azimut\",\"publisher\":{\"@id\":\"https:\/\/azimutnauticshop.com\/#organization\"},\"alternateName\":\"Azimut Nautic Shop\",\"potentialAction\":[{\"@type\":\"SearchAction\",\"target\":{\"@type\":\"EntryPoint\",\"urlTemplate\":\"https:\/\/azimutnauticshop.com\/?s={search_term_string}\"},\"query-input\":{\"@type\":\"PropertyValueSpecification\",\"valueRequired\":true,\"valueName\":\"search_term_string\"}}],\"inLanguage\":\"en-GB\"},{\"@type\":\"Organization\",\"@id\":\"https:\/\/azimutnauticshop.com\/#organization\",\"name\":\"Azimut Nautic Shop\",\"url\":\"https:\/\/azimutnauticshop.com\/\",\"logo\":{\"@type\":\"ImageObject\",\"inLanguage\":\"en-GB\",\"@id\":\"https:\/\/azimutnauticshop.com\/#\/schema\/logo\/image\/\",\"url\":\"https:\/\/azimutnauticshop.com\/wp-content\/uploads\/2023\/10\/cropped-512x512-mini.png\",\"contentUrl\":\"https:\/\/azimutnauticshop.com\/wp-content\/uploads\/2023\/10\/cropped-512x512-mini.png\",\"width\":512,\"height\":512,\"caption\":\"Azimut Nautic Shop\"},\"image\":{\"@id\":\"https:\/\/azimutnauticshop.com\/#\/schema\/logo\/image\/\"},\"sameAs\":[\"https:\/\/www.facebook.com\/NauticshopAzimut\/\",\"https:\/\/www.instagram.com\/azimutnauticshop\/\"]}]}<\/script>\n<!-- \/ Yoast SEO plugin. -->","yoast_head_json":{"title":"CHICO POJAS ZA SPA\u0160AVANJE 100N, dje\u010dji, 3-10kg","description":"Chico 100N dje\u010dji pojas za spa\u0161avanje pru\u017ea maksimalnu sigurnost. Veliki plutaju\u0107i ovratnik dr\u017ei glavu djeteta i ima na sebi ugra\u0111enu traku za izvla\u010denje iz vode.\u00a0","robots":{"index":"index","follow":"follow","max-snippet":"max-snippet:-1","max-image-preview":"max-image-preview:large","max-video-preview":"max-video-preview:-1"},"canonical":"https:\/\/azimutnauticshop.com\/index.php\/product\/chico-pojas-za-spasavanje-100n-djecji-3-10kg\/","og_locale":"en_GB","og_type":"article","og_title":"CHICO POJAS ZA SPA\u0160AVANJE 100N, dje\u010dji, 3-10kg","og_description":"Chico 100N dje\u010dji pojas za spa\u0161avanje pru\u017ea maksimalnu sigurnost. Veliki plutaju\u0107i ovratnik dr\u017ei glavu djeteta i ima na sebi ugra\u0111enu traku za izvla\u010denje iz vode.\u00a0","og_url":"https:\/\/azimutnauticshop.com\/index.php\/product\/chico-pojas-za-spasavanje-100n-djecji-3-10kg\/","og_site_name":"Azimut Nautic Shop","article_publisher":"https:\/\/www.facebook.com\/NauticshopAzimut\/","article_modified_time":"2025-03-07T11:03:48+00:00","og_image":[{"width":2560,"height":2560,"url":"https:\/\/azimutnauticshop.com\/wp-content\/uploads\/2024\/03\/82a48c05-e640-448d-84b2-c27c6cfbd727-scaled.jpg","type":"image\/jpeg"}],"twitter_card":"summary_large_image","twitter_misc":{"Estimated reading time":"1 minute"},"schema":{"@context":"https:\/\/schema.org","@graph":[{"@type":"WebPage","@id":"https:\/\/azimutnauticshop.com\/index.php\/product\/chico-pojas-za-spasavanje-100n-djecji-3-10kg\/","url":"https:\/\/azimutnauticshop.com\/index.php\/product\/chico-pojas-za-spasavanje-100n-djecji-3-10kg\/","name":"CHICO POJAS ZA SPA\u0160AVANJE 100N, dje\u010dji, 3-10kg","isPartOf":{"@id":"https:\/\/azimutnauticshop.com\/#website"},"primaryImageOfPage":{"@id":"https:\/\/azimutnauticshop.com\/index.php\/product\/chico-pojas-za-spasavanje-100n-djecji-3-10kg\/#primaryimage"},"image":{"@id":"https:\/\/azimutnauticshop.com\/index.php\/product\/chico-pojas-za-spasavanje-100n-djecji-3-10kg\/#primaryimage"},"thumbnailUrl":"https:\/\/azimutnauticshop.com\/wp-content\/uploads\/2024\/03\/82a48c05-e640-448d-84b2-c27c6cfbd727-scaled.jpg","datePublished":"2024-03-01T19:01:41+00:00","dateModified":"2025-03-07T11:03:48+00:00","description":"Chico 100N dje\u010dji pojas za spa\u0161avanje pru\u017ea maksimalnu sigurnost. Veliki plutaju\u0107i ovratnik dr\u017ei glavu djeteta i ima na sebi ugra\u0111enu traku za izvla\u010denje iz vode.\u00a0","breadcrumb":{"@id":"https:\/\/azimutnauticshop.com\/index.php\/product\/chico-pojas-za-spasavanje-100n-djecji-3-10kg\/#breadcrumb"},"inLanguage":"en-GB","potentialAction":[{"@type":"ReadAction","target":["https:\/\/azimutnauticshop.com\/index.php\/product\/chico-pojas-za-spasavanje-100n-djecji-3-10kg\/"]}]},{"@type":"ImageObject","inLanguage":"en-GB","@id":"https:\/\/azimutnauticshop.com\/index.php\/product\/chico-pojas-za-spasavanje-100n-djecji-3-10kg\/#primaryimage","url":"https:\/\/azimutnauticshop.com\/wp-content\/uploads\/2024\/03\/82a48c05-e640-448d-84b2-c27c6cfbd727-scaled.jpg","contentUrl":"https:\/\/azimutnauticshop.com\/wp-content\/uploads\/2024\/03\/82a48c05-e640-448d-84b2-c27c6cfbd727-scaled.jpg","width":2560,"height":2560},{"@type":"BreadcrumbList","@id":"https:\/\/azimutnauticshop.com\/index.php\/product\/chico-pojas-za-spasavanje-100n-djecji-3-10kg\/#breadcrumb","itemListElement":[{"@type":"ListItem","position":1,"name":"Po\u010detna","item":"https:\/\/azimutnauticshop.com\/"},{"@type":"ListItem","position":2,"name":"Trgovina","item":"https:\/\/azimutnauticshop.com\/index.php\/trgovina\/"},{"@type":"ListItem","position":3,"name":"CHICO POJAS ZA SPA\u0160AVANJE 100N, dje\u010dji, 3-10kg"}]},{"@type":"WebSite","@id":"https:\/\/azimutnauticshop.com\/#website","url":"https:\/\/azimutnauticshop.com\/","name":"Azimut Nautic Shop","description":"Prona\u0111ite svoj Azimut","publisher":{"@id":"https:\/\/azimutnauticshop.com\/#organization"},"alternateName":"Azimut Nautic Shop","potentialAction":[{"@type":"SearchAction","target":{"@type":"EntryPoint","urlTemplate":"https:\/\/azimutnauticshop.com\/?s={search_term_string}"},"query-input":{"@type":"PropertyValueSpecification","valueRequired":true,"valueName":"search_term_string"}}],"inLanguage":"en-GB"},{"@type":"Organization","@id":"https:\/\/azimutnauticshop.com\/#organization","name":"Azimut Nautic Shop","url":"https:\/\/azimutnauticshop.com\/","logo":{"@type":"ImageObject","inLanguage":"en-GB","@id":"https:\/\/azimutnauticshop.com\/#\/schema\/logo\/image\/","url":"https:\/\/azimutnauticshop.com\/wp-content\/uploads\/2023\/10\/cropped-512x512-mini.png","contentUrl":"https:\/\/azimutnauticshop.com\/wp-content\/uploads\/2023\/10\/cropped-512x512-mini.png","width":512,"height":512,"caption":"Azimut Nautic Shop"},"image":{"@id":"https:\/\/azimutnauticshop.com\/#\/schema\/logo\/image\/"},"sameAs":["https:\/\/www.facebook.com\/NauticshopAzimut\/","https:\/\/www.instagram.com\/azimutnauticshop\/"]}]}},"_links":{"self":[{"href":"https:\/\/azimutnauticshop.com\/index.php\/wp-json\/wp\/v2\/product\/7430"}],"collection":[{"href":"https:\/\/azimutnauticshop.com\/index.php\/wp-json\/wp\/v2\/product"}],"about":[{"href":"https:\/\/azimutnauticshop.com\/index.php\/wp-json\/wp\/v2\/types\/product"}],"replies":[{"embeddable":true,"href":"https:\/\/azimutnauticshop.com\/index.php\/wp-json\/wp\/v2\/comments?post=7430"}],"wp:featuredmedia":[{"embeddable":true,"href":"https:\/\/azimutnauticshop.com\/index.php\/wp-json\/wp\/v2\/media\/7573"}],"wp:attachment":[{"href":"https:\/\/azimutnauticshop.com\/index.php\/wp-json\/wp\/v2\/media?parent=7430"}],"wp:term":[{"taxonomy":"product_brand","embeddable":true,"href":"https:\/\/azimutnauticshop.com\/index.php\/wp-json\/wp\/v2\/product_brand?post=7430"},{"taxonomy":"product_cat","embeddable":true,"href":"https:\/\/azimutnauticshop.com\/index.php\/wp-json\/wp\/v2\/product_cat?post=7430"},{"taxonomy":"product_tag","embeddable":true,"href":"https:\/\/azimutnauticshop.com\/index.php\/wp-json\/wp\/v2\/product_tag?post=7430"}],"curies":[{"name":"wp","href":"https:\/\/api.w.org\/{rel}","templated":true}]}}