{"id":7419,"date":"2024-03-01T19:01:41","date_gmt":"2024-03-01T19:01:41","guid":{"rendered":"https:\/\/azimutnauticshop.com\/index.php\/product\/detektor-plina-mtg-3000h\/"},"modified":"2025-03-07T10:28:01","modified_gmt":"2025-03-07T10:28:01","slug":"detektor-plina-mtg-3000h","status":"publish","type":"product","link":"https:\/\/azimutnauticshop.com\/index.php\/product\/detektor-plina-mtg-3000h\/","title":{"rendered":"DETEKTOR PLINA  MTG-3000H"},"content":{"rendered":"<p><span style=\"vertical-align: inherit\"><span style=\"vertical-align: inherit\"><span style=\"vertical-align: inherit\"><span style=\"vertical-align: inherit\">Pogodan i za kori\u0161tenje na brodovima,kamp ku\u0107icama i sli\u010dno ( gdje postoji napajanje 12V )<\/span><\/span><\/span><\/span><\/p>\n<p><span style=\"vertical-align: inherit\"><span style=\"vertical-align: inherit\"><span style=\"vertical-align: inherit\"><span style=\"vertical-align: inherit\">Upozorenje : <\/span><\/span><\/span><\/span><br \/>\n<span style=\"vertical-align: inherit\"><span style=\"vertical-align: inherit\"><span style=\"vertical-align: inherit\"><span style=\"vertical-align: inherit\">Radni vijek otkriva\u010da plina je 5 godina. <\/span><\/span><\/span><\/span><br \/>\n<span style=\"vertical-align: inherit\"><span style=\"vertical-align: inherit\"><span style=\"vertical-align: inherit\"><span style=\"vertical-align: inherit\">Za optimalnu za\u0161titu preporu\u010damo zamjenu otkriva\u010da plina svakih 5 godina.<\/span><\/span><\/span><\/span><\/p>\n<p><span style=\"vertical-align: inherit\"><span style=\"vertical-align: inherit\"><span style=\"vertical-align: inherit\"><span style=\"vertical-align: inherit\">Podaci <\/span><\/span><\/span><\/span><br \/>\n<span style=\"vertical-align: inherit\"><span style=\"vertical-align: inherit\"><span style=\"vertical-align: inherit\"><span style=\"vertical-align: inherit\">\u2022 Otkriva plinove: Prirodni plin: metan, propan, i butan. <\/span><\/span><\/span><\/span><br \/>\n<span style=\"vertical-align: inherit\"><span style=\"vertical-align: inherit\"><span style=\"vertical-align: inherit\"><span style=\"vertical-align: inherit\">Teku\u0107i plin (LPG): propan, butan <\/span><\/span><\/span><\/span><br \/>\n<span style=\"vertical-align: inherit\"><span style=\"vertical-align: inherit\"><span style=\"vertical-align: inherit\"><span style=\"vertical-align: inherit\">\u2022 Nazivno optere\u0107enje: u mirovanju 1 W, kad je uklju\u010den alarm 1,7 W <\/span><\/span><\/span><\/span><br \/>\n<span style=\"vertical-align: inherit\"><span style=\"vertical-align: inherit\"><span style=\"vertical-align: inherit\"><span style=\"vertical-align: inherit\">\u2022 Ja\u010dina alarma: &gt; 85 dB <\/span><\/span><\/span><\/span><br \/>\n<span style=\"vertical-align: inherit\"><span style=\"vertical-align: inherit\"><span style=\"vertical-align: inherit\"><span style=\"vertical-align: inherit\">\u2022 Opseg temperatura: -10C~50C <\/span><\/span><\/span><\/span><br \/>\n<span style=\"vertical-align: inherit\"><span style=\"vertical-align: inherit\"><span style=\"vertical-align: inherit\"><span style=\"vertical-align: inherit\">\u2022 Relativna vla\u017enost: &lt; 97 RV <\/span><\/span><\/span><\/span><br \/>\n<span style=\"vertical-align: inherit\"><span style=\"vertical-align: inherit\"><span style=\"vertical-align: inherit\"><span style=\"vertical-align: inherit\">\u2022 Temperatura \u010duvanja: -10C~+40C <\/span><\/span><\/span><\/span><br \/>\n<span style=\"vertical-align: inherit\"><span style=\"vertical-align: inherit\"><span style=\"vertical-align: inherit\"><span style=\"vertical-align: inherit\">\u2022 Dimenzije: 85 x 85 x 35 mm<\/span><\/span><\/span><\/span><\/p>\n<p><span style=\"vertical-align: inherit\"><span style=\"vertical-align: inherit\"><span style=\"vertical-align: inherit\"><span style=\"vertical-align: inherit\">Gdje postaviti otkriva\u010d plina: <\/span><\/span><\/span><\/span><br \/>\n<span style=\"vertical-align: inherit\"><span style=\"vertical-align: inherit\"><span style=\"vertical-align: inherit\"><span style=\"vertical-align: inherit\">Prije postavljanja otkriva\u010da plina preporu\u010damo provjeru koja se vrsta plina koristi u prostoru u kojem postavljate otkriva\u010d plina.<\/span><\/span><\/span><\/span><\/p>\n<p><span style=\"vertical-align: inherit\"><span style=\"vertical-align: inherit\"><span style=\"vertical-align: inherit\"><span style=\"vertical-align: inherit\">Tehni\u010dki podaci<\/span><\/span><\/span><\/span><\/p>\n<p><span style=\"vertical-align: inherit\"><span style=\"vertical-align: inherit\"><span style=\"vertical-align: inherit\"><span style=\"vertical-align: inherit\">Alarm na plin\/mje\u0161avina plina Propan: 0,11% = 1100 ppm, butan: 0,09% = 900 ppm, <\/span><\/span><\/span><\/span><br \/>\n<span style=\"vertical-align: inherit\"><span style=\"vertical-align: inherit\"><span style=\"vertical-align: inherit\"><span style=\"vertical-align: inherit\">grad, tlo, plin metan: 0,25% = 2500 ppm <\/span><\/span><\/span><\/span><br \/>\n<span style=\"vertical-align: inherit\"><span style=\"vertical-align: inherit\"><span style=\"vertical-align: inherit\"><span style=\"vertical-align: inherit\">otkriva Butan, Metan, Propan <\/span><\/span><\/span><\/span><br \/>\n<span style=\"vertical-align: inherit\"><span style=\"vertical-align: inherit\"><span style=\"vertical-align: inherit\"><span style=\"vertical-align: inherit\">Trenutna potro\u0161nja ~ 1 W Standby \/ 1,7 W Alarm<\/span><\/span><\/span><\/span><\/p>\n<p><span style=\"vertical-align: inherit\"><span style=\"vertical-align: inherit\"><span style=\"vertical-align: inherit\"><span style=\"vertical-align: inherit\">\u0160irina 85 mm <\/span><\/span><\/span><\/span><br \/>\n<span style=\"vertical-align: inherit\"><span style=\"vertical-align: inherit\"><span style=\"vertical-align: inherit\"><span style=\"vertical-align: inherit\">Visina 85 mm Dubina <\/span><\/span><\/span><\/span><br \/>\n<span style=\"vertical-align: inherit\"><span style=\"vertical-align: inherit\"><span style=\"vertical-align: inherit\"><span style=\"vertical-align: inherit\">35 mm <\/span><\/span><\/span><\/span><br \/>\n<span style=\"vertical-align: inherit\"><span style=\"vertical-align: inherit\"><span style=\"vertical-align: inherit\"><span style=\"vertical-align: inherit\">Sadr\u017eaj 1 kom(a) <\/span><\/span><\/span><\/span><br \/>\n<span style=\"vertical-align: inherit\"><span style=\"vertical-align: inherit\"><span style=\"vertical-align: inherit\"><span style=\"vertical-align: inherit\">Dim (\u0160 x V x D) 85 x 85 x 35 mm <\/span><\/span><\/span><\/span><br \/>\n<span style=\"vertical-align: inherit\"><span style=\"vertical-align: inherit\"><span style=\"vertical-align: inherit\"><span style=\"vertical-align: inherit\">Radni napon 230 V\/AC ili 12 V DC<\/span><\/span><\/span><\/span><\/p>\n","protected":false},"excerpt":{"rendered":"<p><span style=\"vertical-align: inherit\"><span style=\"vertical-align: inherit\"><span style=\"vertical-align: inherit\"><span style=\"vertical-align: inherit\"><span style=\"vertical-align: inherit\"><span style=\"vertical-align: inherit\">Zahvaljuju\u0107i visokokvalitetnim senzorima, ovaj detektor plina vrlo brzo reagira na stvaranje plinova opasnih po \u017eivot, kao \u0161to su metan, propan, butan, prirodni plin i gradski plin. <\/span><\/span><\/span><\/span><\/span><span style=\"vertical-align: inherit\"><span style=\"vertical-align: inherit\"><span style=\"vertical-align: inherit\"><span style=\"vertical-align: inherit\"><span style=\"vertical-align: inherit\">Jednostavna ugradnja, izravno napajanje na 12V.<\/span><\/span><\/span><\/span><\/span><\/span><\/p>\n","protected":false},"featured_media":7567,"comment_status":"open","ping_status":"closed","template":"","meta":{"site-sidebar-layout":"default","site-content-layout":"","ast-site-content-layout":"default","site-content-style":"default","site-sidebar-style":"default","ast-global-header-display":"","ast-banner-title-visibility":"","ast-main-header-display":"","ast-hfb-above-header-display":"","ast-hfb-below-header-display":"","ast-hfb-mobile-header-display":"","site-post-title":"","ast-breadcrumbs-content":"","ast-featured-img":"","footer-sml-layout":"","theme-transparent-header-meta":"default","adv-header-id-meta":"","stick-header-meta":"","header-above-stick-meta":"","header-main-stick-meta":"","header-below-stick-meta":"","astra-migrate-meta-layouts":"set","ast-page-background-enabled":"default","ast-page-background-meta":{"desktop":{"background-color":"","background-image":"","background-repeat":"repeat","background-position":"center center","background-size":"auto","background-attachment":"scroll","background-type":"","background-media":"","overlay-type":"","overlay-color":"","overlay-opacity":"","overlay-gradient":""},"tablet":{"background-color":"","background-image":"","background-repeat":"repeat","background-position":"center center","background-size":"auto","background-attachment":"scroll","background-type":"","background-media":"","overlay-type":"","overlay-color":"","overlay-opacity":"","overlay-gradient":""},"mobile":{"background-color":"","background-image":"","background-repeat":"repeat","background-position":"center center","background-size":"auto","background-attachment":"scroll","background-type":"","background-media":"","overlay-type":"","overlay-color":"","overlay-opacity":"","overlay-gradient":""}},"ast-content-background-meta":{"desktop":{"background-color":"var(--ast-global-color-5)","background-image":"","background-repeat":"repeat","background-position":"center center","background-size":"auto","background-attachment":"scroll","background-type":"","background-media":"","overlay-type":"","overlay-color":"","overlay-opacity":"","overlay-gradient":""},"tablet":{"background-color":"var(--ast-global-color-5)","background-image":"","background-repeat":"repeat","background-position":"center center","background-size":"auto","background-attachment":"scroll","background-type":"","background-media":"","overlay-type":"","overlay-color":"","overlay-opacity":"","overlay-gradient":""},"mobile":{"background-color":"var(--ast-global-color-5)","background-image":"","background-repeat":"repeat","background-position":"center center","background-size":"auto","background-attachment":"scroll","background-type":"","background-media":"","overlay-type":"","overlay-color":"","overlay-opacity":"","overlay-gradient":""}}},"product_brand":[],"product_cat":[247],"product_tag":[],"class_list":{"0":"post-7419","1":"product","2":"type-product","3":"status-publish","4":"has-post-thumbnail","6":"product_cat-detektori-dima-i-plina","7":"desktop-align-center","8":"tablet-align-center","9":"mobile-align-center","11":"first","12":"instock","13":"shipping-taxable","14":"purchasable","15":"product-type-simple"},"yoast_head":"<!-- This site is optimized with the Yoast SEO plugin v25.2 - https:\/\/yoast.com\/wordpress\/plugins\/seo\/ -->\n<title>DETEKTOR PLINA MTG-3000H<\/title>\n<meta name=\"description\" content=\"Zahvaljuju\u0107i visokokvalitetnim senzorima, ovaj detektor plina vrlo brzo reagira na stvaranje plinova opasnih po \u017eivot, kao \u0161to su metan, propan, butan, prirodni plin i gradski plin. Jednostavna ugradnja, izravno napajanje na 12V.\" \/>\n<meta name=\"robots\" content=\"index, follow, max-snippet:-1, max-image-preview:large, max-video-preview:-1\" \/>\n<link rel=\"canonical\" href=\"https:\/\/azimutnauticshop.com\/index.php\/product\/detektor-plina-mtg-3000h\/\" \/>\n<meta property=\"og:locale\" content=\"en_GB\" \/>\n<meta property=\"og:type\" content=\"article\" \/>\n<meta property=\"og:title\" content=\"DETEKTOR PLINA MTG-3000H\" \/>\n<meta property=\"og:description\" content=\"Zahvaljuju\u0107i visokokvalitetnim senzorima, ovaj detektor plina vrlo brzo reagira na stvaranje plinova opasnih po \u017eivot, kao \u0161to su metan, propan, butan, prirodni plin i gradski plin. Jednostavna ugradnja, izravno napajanje na 12V.\" \/>\n<meta property=\"og:url\" content=\"https:\/\/azimutnauticshop.com\/index.php\/product\/detektor-plina-mtg-3000h\/\" \/>\n<meta property=\"og:site_name\" content=\"Azimut Nautic Shop\" \/>\n<meta property=\"article:publisher\" content=\"https:\/\/www.facebook.com\/NauticshopAzimut\/\" \/>\n<meta property=\"article:modified_time\" content=\"2025-03-07T10:28:01+00:00\" \/>\n<meta property=\"og:image\" content=\"https:\/\/azimutnauticshop.com\/wp-content\/uploads\/2024\/03\/49931947-6fb4-4a8d-ab02-e76527f81caa-scaled.jpg\" \/>\n\t<meta property=\"og:image:width\" content=\"2560\" \/>\n\t<meta property=\"og:image:height\" content=\"2560\" \/>\n\t<meta property=\"og:image:type\" content=\"image\/jpeg\" \/>\n<meta name=\"twitter:card\" content=\"summary_large_image\" \/>\n<meta name=\"twitter:label1\" content=\"Estimated reading time\" \/>\n\t<meta name=\"twitter:data1\" content=\"1 minute\" \/>\n<script type=\"application\/ld+json\" class=\"yoast-schema-graph\">{\"@context\":\"https:\/\/schema.org\",\"@graph\":[{\"@type\":\"WebPage\",\"@id\":\"https:\/\/azimutnauticshop.com\/index.php\/product\/detektor-plina-mtg-3000h\/\",\"url\":\"https:\/\/azimutnauticshop.com\/index.php\/product\/detektor-plina-mtg-3000h\/\",\"name\":\"DETEKTOR PLINA MTG-3000H\",\"isPartOf\":{\"@id\":\"https:\/\/azimutnauticshop.com\/#website\"},\"primaryImageOfPage\":{\"@id\":\"https:\/\/azimutnauticshop.com\/index.php\/product\/detektor-plina-mtg-3000h\/#primaryimage\"},\"image\":{\"@id\":\"https:\/\/azimutnauticshop.com\/index.php\/product\/detektor-plina-mtg-3000h\/#primaryimage\"},\"thumbnailUrl\":\"https:\/\/azimutnauticshop.com\/wp-content\/uploads\/2024\/03\/49931947-6fb4-4a8d-ab02-e76527f81caa-scaled.jpg\",\"datePublished\":\"2024-03-01T19:01:41+00:00\",\"dateModified\":\"2025-03-07T10:28:01+00:00\",\"description\":\"Zahvaljuju\u0107i visokokvalitetnim senzorima, ovaj detektor plina vrlo brzo reagira na stvaranje plinova opasnih po \u017eivot, kao \u0161to su metan, propan, butan, prirodni plin i gradski plin. Jednostavna ugradnja, izravno napajanje na 12V.\",\"breadcrumb\":{\"@id\":\"https:\/\/azimutnauticshop.com\/index.php\/product\/detektor-plina-mtg-3000h\/#breadcrumb\"},\"inLanguage\":\"en-GB\",\"potentialAction\":[{\"@type\":\"ReadAction\",\"target\":[\"https:\/\/azimutnauticshop.com\/index.php\/product\/detektor-plina-mtg-3000h\/\"]}]},{\"@type\":\"ImageObject\",\"inLanguage\":\"en-GB\",\"@id\":\"https:\/\/azimutnauticshop.com\/index.php\/product\/detektor-plina-mtg-3000h\/#primaryimage\",\"url\":\"https:\/\/azimutnauticshop.com\/wp-content\/uploads\/2024\/03\/49931947-6fb4-4a8d-ab02-e76527f81caa-scaled.jpg\",\"contentUrl\":\"https:\/\/azimutnauticshop.com\/wp-content\/uploads\/2024\/03\/49931947-6fb4-4a8d-ab02-e76527f81caa-scaled.jpg\",\"width\":2560,\"height\":2560},{\"@type\":\"BreadcrumbList\",\"@id\":\"https:\/\/azimutnauticshop.com\/index.php\/product\/detektor-plina-mtg-3000h\/#breadcrumb\",\"itemListElement\":[{\"@type\":\"ListItem\",\"position\":1,\"name\":\"Po\u010detna\",\"item\":\"https:\/\/azimutnauticshop.com\/\"},{\"@type\":\"ListItem\",\"position\":2,\"name\":\"Trgovina\",\"item\":\"https:\/\/azimutnauticshop.com\/index.php\/trgovina\/\"},{\"@type\":\"ListItem\",\"position\":3,\"name\":\"DETEKTOR PLINA MTG-3000H\"}]},{\"@type\":\"WebSite\",\"@id\":\"https:\/\/azimutnauticshop.com\/#website\",\"url\":\"https:\/\/azimutnauticshop.com\/\",\"name\":\"Azimut Nautic Shop\",\"description\":\"Prona\u0111ite svoj Azimut\",\"publisher\":{\"@id\":\"https:\/\/azimutnauticshop.com\/#organization\"},\"alternateName\":\"Azimut Nautic Shop\",\"potentialAction\":[{\"@type\":\"SearchAction\",\"target\":{\"@type\":\"EntryPoint\",\"urlTemplate\":\"https:\/\/azimutnauticshop.com\/?s={search_term_string}\"},\"query-input\":{\"@type\":\"PropertyValueSpecification\",\"valueRequired\":true,\"valueName\":\"search_term_string\"}}],\"inLanguage\":\"en-GB\"},{\"@type\":\"Organization\",\"@id\":\"https:\/\/azimutnauticshop.com\/#organization\",\"name\":\"Azimut Nautic Shop\",\"url\":\"https:\/\/azimutnauticshop.com\/\",\"logo\":{\"@type\":\"ImageObject\",\"inLanguage\":\"en-GB\",\"@id\":\"https:\/\/azimutnauticshop.com\/#\/schema\/logo\/image\/\",\"url\":\"https:\/\/azimutnauticshop.com\/wp-content\/uploads\/2023\/10\/cropped-512x512-mini.png\",\"contentUrl\":\"https:\/\/azimutnauticshop.com\/wp-content\/uploads\/2023\/10\/cropped-512x512-mini.png\",\"width\":512,\"height\":512,\"caption\":\"Azimut Nautic Shop\"},\"image\":{\"@id\":\"https:\/\/azimutnauticshop.com\/#\/schema\/logo\/image\/\"},\"sameAs\":[\"https:\/\/www.facebook.com\/NauticshopAzimut\/\",\"https:\/\/www.instagram.com\/azimutnauticshop\/\"]}]}<\/script>\n<!-- \/ Yoast SEO plugin. -->","yoast_head_json":{"title":"DETEKTOR PLINA MTG-3000H","description":"Zahvaljuju\u0107i visokokvalitetnim senzorima, ovaj detektor plina vrlo brzo reagira na stvaranje plinova opasnih po \u017eivot, kao \u0161to su metan, propan, butan, prirodni plin i gradski plin. Jednostavna ugradnja, izravno napajanje na 12V.","robots":{"index":"index","follow":"follow","max-snippet":"max-snippet:-1","max-image-preview":"max-image-preview:large","max-video-preview":"max-video-preview:-1"},"canonical":"https:\/\/azimutnauticshop.com\/index.php\/product\/detektor-plina-mtg-3000h\/","og_locale":"en_GB","og_type":"article","og_title":"DETEKTOR PLINA MTG-3000H","og_description":"Zahvaljuju\u0107i visokokvalitetnim senzorima, ovaj detektor plina vrlo brzo reagira na stvaranje plinova opasnih po \u017eivot, kao \u0161to su metan, propan, butan, prirodni plin i gradski plin. Jednostavna ugradnja, izravno napajanje na 12V.","og_url":"https:\/\/azimutnauticshop.com\/index.php\/product\/detektor-plina-mtg-3000h\/","og_site_name":"Azimut Nautic Shop","article_publisher":"https:\/\/www.facebook.com\/NauticshopAzimut\/","article_modified_time":"2025-03-07T10:28:01+00:00","og_image":[{"width":2560,"height":2560,"url":"https:\/\/azimutnauticshop.com\/wp-content\/uploads\/2024\/03\/49931947-6fb4-4a8d-ab02-e76527f81caa-scaled.jpg","type":"image\/jpeg"}],"twitter_card":"summary_large_image","twitter_misc":{"Estimated reading time":"1 minute"},"schema":{"@context":"https:\/\/schema.org","@graph":[{"@type":"WebPage","@id":"https:\/\/azimutnauticshop.com\/index.php\/product\/detektor-plina-mtg-3000h\/","url":"https:\/\/azimutnauticshop.com\/index.php\/product\/detektor-plina-mtg-3000h\/","name":"DETEKTOR PLINA MTG-3000H","isPartOf":{"@id":"https:\/\/azimutnauticshop.com\/#website"},"primaryImageOfPage":{"@id":"https:\/\/azimutnauticshop.com\/index.php\/product\/detektor-plina-mtg-3000h\/#primaryimage"},"image":{"@id":"https:\/\/azimutnauticshop.com\/index.php\/product\/detektor-plina-mtg-3000h\/#primaryimage"},"thumbnailUrl":"https:\/\/azimutnauticshop.com\/wp-content\/uploads\/2024\/03\/49931947-6fb4-4a8d-ab02-e76527f81caa-scaled.jpg","datePublished":"2024-03-01T19:01:41+00:00","dateModified":"2025-03-07T10:28:01+00:00","description":"Zahvaljuju\u0107i visokokvalitetnim senzorima, ovaj detektor plina vrlo brzo reagira na stvaranje plinova opasnih po \u017eivot, kao \u0161to su metan, propan, butan, prirodni plin i gradski plin. Jednostavna ugradnja, izravno napajanje na 12V.","breadcrumb":{"@id":"https:\/\/azimutnauticshop.com\/index.php\/product\/detektor-plina-mtg-3000h\/#breadcrumb"},"inLanguage":"en-GB","potentialAction":[{"@type":"ReadAction","target":["https:\/\/azimutnauticshop.com\/index.php\/product\/detektor-plina-mtg-3000h\/"]}]},{"@type":"ImageObject","inLanguage":"en-GB","@id":"https:\/\/azimutnauticshop.com\/index.php\/product\/detektor-plina-mtg-3000h\/#primaryimage","url":"https:\/\/azimutnauticshop.com\/wp-content\/uploads\/2024\/03\/49931947-6fb4-4a8d-ab02-e76527f81caa-scaled.jpg","contentUrl":"https:\/\/azimutnauticshop.com\/wp-content\/uploads\/2024\/03\/49931947-6fb4-4a8d-ab02-e76527f81caa-scaled.jpg","width":2560,"height":2560},{"@type":"BreadcrumbList","@id":"https:\/\/azimutnauticshop.com\/index.php\/product\/detektor-plina-mtg-3000h\/#breadcrumb","itemListElement":[{"@type":"ListItem","position":1,"name":"Po\u010detna","item":"https:\/\/azimutnauticshop.com\/"},{"@type":"ListItem","position":2,"name":"Trgovina","item":"https:\/\/azimutnauticshop.com\/index.php\/trgovina\/"},{"@type":"ListItem","position":3,"name":"DETEKTOR PLINA MTG-3000H"}]},{"@type":"WebSite","@id":"https:\/\/azimutnauticshop.com\/#website","url":"https:\/\/azimutnauticshop.com\/","name":"Azimut Nautic Shop","description":"Prona\u0111ite svoj Azimut","publisher":{"@id":"https:\/\/azimutnauticshop.com\/#organization"},"alternateName":"Azimut Nautic Shop","potentialAction":[{"@type":"SearchAction","target":{"@type":"EntryPoint","urlTemplate":"https:\/\/azimutnauticshop.com\/?s={search_term_string}"},"query-input":{"@type":"PropertyValueSpecification","valueRequired":true,"valueName":"search_term_string"}}],"inLanguage":"en-GB"},{"@type":"Organization","@id":"https:\/\/azimutnauticshop.com\/#organization","name":"Azimut Nautic Shop","url":"https:\/\/azimutnauticshop.com\/","logo":{"@type":"ImageObject","inLanguage":"en-GB","@id":"https:\/\/azimutnauticshop.com\/#\/schema\/logo\/image\/","url":"https:\/\/azimutnauticshop.com\/wp-content\/uploads\/2023\/10\/cropped-512x512-mini.png","contentUrl":"https:\/\/azimutnauticshop.com\/wp-content\/uploads\/2023\/10\/cropped-512x512-mini.png","width":512,"height":512,"caption":"Azimut Nautic Shop"},"image":{"@id":"https:\/\/azimutnauticshop.com\/#\/schema\/logo\/image\/"},"sameAs":["https:\/\/www.facebook.com\/NauticshopAzimut\/","https:\/\/www.instagram.com\/azimutnauticshop\/"]}]}},"_links":{"self":[{"href":"https:\/\/azimutnauticshop.com\/index.php\/wp-json\/wp\/v2\/product\/7419"}],"collection":[{"href":"https:\/\/azimutnauticshop.com\/index.php\/wp-json\/wp\/v2\/product"}],"about":[{"href":"https:\/\/azimutnauticshop.com\/index.php\/wp-json\/wp\/v2\/types\/product"}],"replies":[{"embeddable":true,"href":"https:\/\/azimutnauticshop.com\/index.php\/wp-json\/wp\/v2\/comments?post=7419"}],"wp:featuredmedia":[{"embeddable":true,"href":"https:\/\/azimutnauticshop.com\/index.php\/wp-json\/wp\/v2\/media\/7567"}],"wp:attachment":[{"href":"https:\/\/azimutnauticshop.com\/index.php\/wp-json\/wp\/v2\/media?parent=7419"}],"wp:term":[{"taxonomy":"product_brand","embeddable":true,"href":"https:\/\/azimutnauticshop.com\/index.php\/wp-json\/wp\/v2\/product_brand?post=7419"},{"taxonomy":"product_cat","embeddable":true,"href":"https:\/\/azimutnauticshop.com\/index.php\/wp-json\/wp\/v2\/product_cat?post=7419"},{"taxonomy":"product_tag","embeddable":true,"href":"https:\/\/azimutnauticshop.com\/index.php\/wp-json\/wp\/v2\/product_tag?post=7419"}],"curies":[{"name":"wp","href":"https:\/\/api.w.org\/{rel}","templated":true}]}}