{"id":6183,"date":"2023-10-24T10:12:10","date_gmt":"2023-10-24T09:12:10","guid":{"rendered":"https:\/\/azimutnauticshop.com\/index.php\/product\/aparat-1kg-prah-med-eneshr\/"},"modified":"2025-03-07T13:17:22","modified_gmt":"2025-03-07T13:17:22","slug":"aparat-1kg-prah-med-eneshr","status":"publish","type":"product","link":"https:\/\/azimutnauticshop.com\/index.php\/product\/aparat-1kg-prah-med-eneshr\/","title":{"rendered":"APARAT 1KG, PRAH MED (EN,ES,HR)"},"content":{"rendered":"<p><span style=\"vertical-align: inherit\"><span style=\"vertical-align: inherit\"><span style=\"vertical-align: inherit\"><span style=\"vertical-align: inherit\">APARAT 1KG, PRAH MED (EN,ES,HR)<\/span><\/span><\/span><\/span><\/p>\n<p><span style=\"vertical-align: inherit\"><span style=\"vertical-align: inherit\"><span style=\"vertical-align: inherit\"><span style=\"vertical-align: inherit\">Aparati za ga\u0161enje po\u017eara s pra\u0161kom od 1 i 2 kg LALIZAS savr\u0161eno pokrivaju potrebe rekreativnih brodova: neprekidan cilindar od legure aluminija \u010dini ovaj aparat za ga\u0161enje po\u017eara u moru lak\u0161im i otpornijim na koroziju, istovremeno osiguravaju\u0107i visoko ga\u0161enje po\u017eara i jednostavnu upotrebu. <\/span><\/span><\/span><span style=\"vertical-align: inherit\"><span style=\"vertical-align: inherit\"><span style=\"vertical-align: inherit\">Plasti\u010dni nosa\u010d za marine, kao standardna oprema, prilo\u017een je za okomito i vodoravno postavljanje te \u010duva aparat za ga\u0161enje po\u017eara tijekom okreta i lo\u0161ih vremenskih uvjeta.<\/span><\/span><\/span><\/span><\/p>\n","protected":false},"excerpt":{"rendered":"<p>APARAT 1KG, PRAH MED (EN,ES,HR) Aparati za ga\u0161enje po\u017eara s pra\u0161kom od 1 i 2 kg LALIZAS savr\u0161eno pokrivaju potrebe rekreativnih brodova: neprekidan cilindar od legure aluminija \u010dini ovaj aparat za ga\u0161enje po\u017eara u moru lak\u0161im i otpornijim na koroziju, istovremeno osiguravaju\u0107i visoko ga\u0161enje po\u017eara i jednostavnu upotrebu. Plasti\u010dni nosa\u010d za marine, kao standardna oprema, [&hellip;]<\/p>\n","protected":false},"featured_media":7595,"comment_status":"open","ping_status":"closed","template":"","meta":{"site-sidebar-layout":"default","site-content-layout":"","ast-site-content-layout":"default","site-content-style":"default","site-sidebar-style":"default","ast-global-header-display":"","ast-banner-title-visibility":"","ast-main-header-display":"","ast-hfb-above-header-display":"","ast-hfb-below-header-display":"","ast-hfb-mobile-header-display":"","site-post-title":"","ast-breadcrumbs-content":"","ast-featured-img":"","footer-sml-layout":"","theme-transparent-header-meta":"default","adv-header-id-meta":"","stick-header-meta":"","header-above-stick-meta":"","header-main-stick-meta":"","header-below-stick-meta":"","astra-migrate-meta-layouts":"set","ast-page-background-enabled":"default","ast-page-background-meta":{"desktop":{"background-color":"","background-image":"","background-repeat":"repeat","background-position":"center center","background-size":"auto","background-attachment":"scroll","background-type":"","background-media":"","overlay-type":"","overlay-color":"","overlay-opacity":"","overlay-gradient":""},"tablet":{"background-color":"","background-image":"","background-repeat":"repeat","background-position":"center center","background-size":"auto","background-attachment":"scroll","background-type":"","background-media":"","overlay-type":"","overlay-color":"","overlay-opacity":"","overlay-gradient":""},"mobile":{"background-color":"","background-image":"","background-repeat":"repeat","background-position":"center center","background-size":"auto","background-attachment":"scroll","background-type":"","background-media":"","overlay-type":"","overlay-color":"","overlay-opacity":"","overlay-gradient":""}},"ast-content-background-meta":{"desktop":{"background-color":"var(--ast-global-color-5)","background-image":"","background-repeat":"repeat","background-position":"center center","background-size":"auto","background-attachment":"scroll","background-type":"","background-media":"","overlay-type":"","overlay-color":"","overlay-opacity":"","overlay-gradient":""},"tablet":{"background-color":"var(--ast-global-color-5)","background-image":"","background-repeat":"repeat","background-position":"center center","background-size":"auto","background-attachment":"scroll","background-type":"","background-media":"","overlay-type":"","overlay-color":"","overlay-opacity":"","overlay-gradient":""},"mobile":{"background-color":"var(--ast-global-color-5)","background-image":"","background-repeat":"repeat","background-position":"center center","background-size":"auto","background-attachment":"scroll","background-type":"","background-media":"","overlay-type":"","overlay-color":"","overlay-opacity":"","overlay-gradient":""}}},"product_brand":[],"product_cat":[86],"product_tag":[],"class_list":{"0":"post-6183","1":"product","2":"type-product","3":"status-publish","4":"has-post-thumbnail","6":"product_cat-vatrogasni-aparati","7":"desktop-align-center","8":"tablet-align-center","9":"mobile-align-center","11":"first","12":"instock","13":"shipping-taxable","14":"purchasable","15":"product-type-simple"},"yoast_head":"<!-- This site is optimized with the Yoast SEO plugin v25.2 - https:\/\/yoast.com\/wordpress\/plugins\/seo\/ -->\n<title>APARAT 1KG, PRAH MED (EN,ES,HR)<\/title>\n<meta name=\"description\" content=\"APARAT 1KG, PRAH MED (EN,ES,HR) Aparati za ga\u0161enje po\u017eara s pra\u0161kom od 1 i 2 kg LALIZAS savr\u0161eno pokrivaju potrebe rekreativnih brodova: neprekidan\" \/>\n<meta name=\"robots\" content=\"index, follow, max-snippet:-1, max-image-preview:large, max-video-preview:-1\" \/>\n<link rel=\"canonical\" href=\"https:\/\/azimutnauticshop.com\/index.php\/product\/aparat-1kg-prah-med-eneshr\/\" \/>\n<meta property=\"og:locale\" content=\"en_GB\" \/>\n<meta property=\"og:type\" content=\"article\" \/>\n<meta property=\"og:title\" content=\"APARAT 1KG, PRAH MED (EN,ES,HR)\" \/>\n<meta property=\"og:description\" content=\"APARAT 1KG, PRAH MED (EN,ES,HR) Aparati za ga\u0161enje po\u017eara s pra\u0161kom od 1 i 2 kg LALIZAS savr\u0161eno pokrivaju potrebe rekreativnih brodova: neprekidan\" \/>\n<meta property=\"og:url\" content=\"https:\/\/azimutnauticshop.com\/index.php\/product\/aparat-1kg-prah-med-eneshr\/\" \/>\n<meta property=\"og:site_name\" content=\"Azimut Nautic Shop\" \/>\n<meta property=\"article:publisher\" content=\"https:\/\/www.facebook.com\/NauticshopAzimut\/\" \/>\n<meta property=\"article:modified_time\" content=\"2025-03-07T13:17:22+00:00\" \/>\n<meta property=\"og:image\" content=\"https:\/\/azimutnauticshop.com\/wp-content\/uploads\/2023\/10\/65241279-ded7-4ae5-9d81-53f946058658-scaled.jpg\" \/>\n\t<meta property=\"og:image:width\" content=\"1920\" \/>\n\t<meta property=\"og:image:height\" content=\"2560\" \/>\n\t<meta property=\"og:image:type\" content=\"image\/jpeg\" \/>\n<meta name=\"twitter:card\" content=\"summary_large_image\" \/>\n<meta name=\"twitter:label1\" content=\"Estimated reading time\" \/>\n\t<meta name=\"twitter:data1\" content=\"1 minute\" \/>\n<script type=\"application\/ld+json\" class=\"yoast-schema-graph\">{\"@context\":\"https:\/\/schema.org\",\"@graph\":[{\"@type\":\"WebPage\",\"@id\":\"https:\/\/azimutnauticshop.com\/index.php\/product\/aparat-1kg-prah-med-eneshr\/\",\"url\":\"https:\/\/azimutnauticshop.com\/index.php\/product\/aparat-1kg-prah-med-eneshr\/\",\"name\":\"APARAT 1KG, PRAH MED (EN,ES,HR)\",\"isPartOf\":{\"@id\":\"https:\/\/azimutnauticshop.com\/#website\"},\"primaryImageOfPage\":{\"@id\":\"https:\/\/azimutnauticshop.com\/index.php\/product\/aparat-1kg-prah-med-eneshr\/#primaryimage\"},\"image\":{\"@id\":\"https:\/\/azimutnauticshop.com\/index.php\/product\/aparat-1kg-prah-med-eneshr\/#primaryimage\"},\"thumbnailUrl\":\"https:\/\/azimutnauticshop.com\/wp-content\/uploads\/2023\/10\/65241279-ded7-4ae5-9d81-53f946058658-scaled.jpg\",\"datePublished\":\"2023-10-24T09:12:10+00:00\",\"dateModified\":\"2025-03-07T13:17:22+00:00\",\"description\":\"APARAT 1KG, PRAH MED (EN,ES,HR) Aparati za ga\u0161enje po\u017eara s pra\u0161kom od 1 i 2 kg LALIZAS savr\u0161eno pokrivaju potrebe rekreativnih brodova: neprekidan\",\"breadcrumb\":{\"@id\":\"https:\/\/azimutnauticshop.com\/index.php\/product\/aparat-1kg-prah-med-eneshr\/#breadcrumb\"},\"inLanguage\":\"en-GB\",\"potentialAction\":[{\"@type\":\"ReadAction\",\"target\":[\"https:\/\/azimutnauticshop.com\/index.php\/product\/aparat-1kg-prah-med-eneshr\/\"]}]},{\"@type\":\"ImageObject\",\"inLanguage\":\"en-GB\",\"@id\":\"https:\/\/azimutnauticshop.com\/index.php\/product\/aparat-1kg-prah-med-eneshr\/#primaryimage\",\"url\":\"https:\/\/azimutnauticshop.com\/wp-content\/uploads\/2023\/10\/65241279-ded7-4ae5-9d81-53f946058658-scaled.jpg\",\"contentUrl\":\"https:\/\/azimutnauticshop.com\/wp-content\/uploads\/2023\/10\/65241279-ded7-4ae5-9d81-53f946058658-scaled.jpg\",\"width\":1920,\"height\":2560},{\"@type\":\"BreadcrumbList\",\"@id\":\"https:\/\/azimutnauticshop.com\/index.php\/product\/aparat-1kg-prah-med-eneshr\/#breadcrumb\",\"itemListElement\":[{\"@type\":\"ListItem\",\"position\":1,\"name\":\"Po\u010detna\",\"item\":\"https:\/\/azimutnauticshop.com\/\"},{\"@type\":\"ListItem\",\"position\":2,\"name\":\"Trgovina\",\"item\":\"https:\/\/azimutnauticshop.com\/index.php\/trgovina\/\"},{\"@type\":\"ListItem\",\"position\":3,\"name\":\"APARAT 1KG, PRAH MED (EN,ES,HR)\"}]},{\"@type\":\"WebSite\",\"@id\":\"https:\/\/azimutnauticshop.com\/#website\",\"url\":\"https:\/\/azimutnauticshop.com\/\",\"name\":\"Azimut Nautic Shop\",\"description\":\"Prona\u0111ite svoj Azimut\",\"publisher\":{\"@id\":\"https:\/\/azimutnauticshop.com\/#organization\"},\"alternateName\":\"Azimut Nautic Shop\",\"potentialAction\":[{\"@type\":\"SearchAction\",\"target\":{\"@type\":\"EntryPoint\",\"urlTemplate\":\"https:\/\/azimutnauticshop.com\/?s={search_term_string}\"},\"query-input\":{\"@type\":\"PropertyValueSpecification\",\"valueRequired\":true,\"valueName\":\"search_term_string\"}}],\"inLanguage\":\"en-GB\"},{\"@type\":\"Organization\",\"@id\":\"https:\/\/azimutnauticshop.com\/#organization\",\"name\":\"Azimut Nautic Shop\",\"url\":\"https:\/\/azimutnauticshop.com\/\",\"logo\":{\"@type\":\"ImageObject\",\"inLanguage\":\"en-GB\",\"@id\":\"https:\/\/azimutnauticshop.com\/#\/schema\/logo\/image\/\",\"url\":\"https:\/\/azimutnauticshop.com\/wp-content\/uploads\/2023\/10\/cropped-512x512-mini.png\",\"contentUrl\":\"https:\/\/azimutnauticshop.com\/wp-content\/uploads\/2023\/10\/cropped-512x512-mini.png\",\"width\":512,\"height\":512,\"caption\":\"Azimut Nautic Shop\"},\"image\":{\"@id\":\"https:\/\/azimutnauticshop.com\/#\/schema\/logo\/image\/\"},\"sameAs\":[\"https:\/\/www.facebook.com\/NauticshopAzimut\/\",\"https:\/\/www.instagram.com\/azimutnauticshop\/\"]}]}<\/script>\n<!-- \/ Yoast SEO plugin. -->","yoast_head_json":{"title":"APARAT 1KG, PRAH MED (EN,ES,HR)","description":"APARAT 1KG, PRAH MED (EN,ES,HR) Aparati za ga\u0161enje po\u017eara s pra\u0161kom od 1 i 2 kg LALIZAS savr\u0161eno pokrivaju potrebe rekreativnih brodova: neprekidan","robots":{"index":"index","follow":"follow","max-snippet":"max-snippet:-1","max-image-preview":"max-image-preview:large","max-video-preview":"max-video-preview:-1"},"canonical":"https:\/\/azimutnauticshop.com\/index.php\/product\/aparat-1kg-prah-med-eneshr\/","og_locale":"en_GB","og_type":"article","og_title":"APARAT 1KG, PRAH MED (EN,ES,HR)","og_description":"APARAT 1KG, PRAH MED (EN,ES,HR) Aparati za ga\u0161enje po\u017eara s pra\u0161kom od 1 i 2 kg LALIZAS savr\u0161eno pokrivaju potrebe rekreativnih brodova: neprekidan","og_url":"https:\/\/azimutnauticshop.com\/index.php\/product\/aparat-1kg-prah-med-eneshr\/","og_site_name":"Azimut Nautic Shop","article_publisher":"https:\/\/www.facebook.com\/NauticshopAzimut\/","article_modified_time":"2025-03-07T13:17:22+00:00","og_image":[{"width":1920,"height":2560,"url":"https:\/\/azimutnauticshop.com\/wp-content\/uploads\/2023\/10\/65241279-ded7-4ae5-9d81-53f946058658-scaled.jpg","type":"image\/jpeg"}],"twitter_card":"summary_large_image","twitter_misc":{"Estimated reading time":"1 minute"},"schema":{"@context":"https:\/\/schema.org","@graph":[{"@type":"WebPage","@id":"https:\/\/azimutnauticshop.com\/index.php\/product\/aparat-1kg-prah-med-eneshr\/","url":"https:\/\/azimutnauticshop.com\/index.php\/product\/aparat-1kg-prah-med-eneshr\/","name":"APARAT 1KG, PRAH MED (EN,ES,HR)","isPartOf":{"@id":"https:\/\/azimutnauticshop.com\/#website"},"primaryImageOfPage":{"@id":"https:\/\/azimutnauticshop.com\/index.php\/product\/aparat-1kg-prah-med-eneshr\/#primaryimage"},"image":{"@id":"https:\/\/azimutnauticshop.com\/index.php\/product\/aparat-1kg-prah-med-eneshr\/#primaryimage"},"thumbnailUrl":"https:\/\/azimutnauticshop.com\/wp-content\/uploads\/2023\/10\/65241279-ded7-4ae5-9d81-53f946058658-scaled.jpg","datePublished":"2023-10-24T09:12:10+00:00","dateModified":"2025-03-07T13:17:22+00:00","description":"APARAT 1KG, PRAH MED (EN,ES,HR) Aparati za ga\u0161enje po\u017eara s pra\u0161kom od 1 i 2 kg LALIZAS savr\u0161eno pokrivaju potrebe rekreativnih brodova: neprekidan","breadcrumb":{"@id":"https:\/\/azimutnauticshop.com\/index.php\/product\/aparat-1kg-prah-med-eneshr\/#breadcrumb"},"inLanguage":"en-GB","potentialAction":[{"@type":"ReadAction","target":["https:\/\/azimutnauticshop.com\/index.php\/product\/aparat-1kg-prah-med-eneshr\/"]}]},{"@type":"ImageObject","inLanguage":"en-GB","@id":"https:\/\/azimutnauticshop.com\/index.php\/product\/aparat-1kg-prah-med-eneshr\/#primaryimage","url":"https:\/\/azimutnauticshop.com\/wp-content\/uploads\/2023\/10\/65241279-ded7-4ae5-9d81-53f946058658-scaled.jpg","contentUrl":"https:\/\/azimutnauticshop.com\/wp-content\/uploads\/2023\/10\/65241279-ded7-4ae5-9d81-53f946058658-scaled.jpg","width":1920,"height":2560},{"@type":"BreadcrumbList","@id":"https:\/\/azimutnauticshop.com\/index.php\/product\/aparat-1kg-prah-med-eneshr\/#breadcrumb","itemListElement":[{"@type":"ListItem","position":1,"name":"Po\u010detna","item":"https:\/\/azimutnauticshop.com\/"},{"@type":"ListItem","position":2,"name":"Trgovina","item":"https:\/\/azimutnauticshop.com\/index.php\/trgovina\/"},{"@type":"ListItem","position":3,"name":"APARAT 1KG, PRAH MED (EN,ES,HR)"}]},{"@type":"WebSite","@id":"https:\/\/azimutnauticshop.com\/#website","url":"https:\/\/azimutnauticshop.com\/","name":"Azimut Nautic Shop","description":"Prona\u0111ite svoj Azimut","publisher":{"@id":"https:\/\/azimutnauticshop.com\/#organization"},"alternateName":"Azimut Nautic Shop","potentialAction":[{"@type":"SearchAction","target":{"@type":"EntryPoint","urlTemplate":"https:\/\/azimutnauticshop.com\/?s={search_term_string}"},"query-input":{"@type":"PropertyValueSpecification","valueRequired":true,"valueName":"search_term_string"}}],"inLanguage":"en-GB"},{"@type":"Organization","@id":"https:\/\/azimutnauticshop.com\/#organization","name":"Azimut Nautic Shop","url":"https:\/\/azimutnauticshop.com\/","logo":{"@type":"ImageObject","inLanguage":"en-GB","@id":"https:\/\/azimutnauticshop.com\/#\/schema\/logo\/image\/","url":"https:\/\/azimutnauticshop.com\/wp-content\/uploads\/2023\/10\/cropped-512x512-mini.png","contentUrl":"https:\/\/azimutnauticshop.com\/wp-content\/uploads\/2023\/10\/cropped-512x512-mini.png","width":512,"height":512,"caption":"Azimut Nautic Shop"},"image":{"@id":"https:\/\/azimutnauticshop.com\/#\/schema\/logo\/image\/"},"sameAs":["https:\/\/www.facebook.com\/NauticshopAzimut\/","https:\/\/www.instagram.com\/azimutnauticshop\/"]}]}},"_links":{"self":[{"href":"https:\/\/azimutnauticshop.com\/index.php\/wp-json\/wp\/v2\/product\/6183"}],"collection":[{"href":"https:\/\/azimutnauticshop.com\/index.php\/wp-json\/wp\/v2\/product"}],"about":[{"href":"https:\/\/azimutnauticshop.com\/index.php\/wp-json\/wp\/v2\/types\/product"}],"replies":[{"embeddable":true,"href":"https:\/\/azimutnauticshop.com\/index.php\/wp-json\/wp\/v2\/comments?post=6183"}],"wp:featuredmedia":[{"embeddable":true,"href":"https:\/\/azimutnauticshop.com\/index.php\/wp-json\/wp\/v2\/media\/7595"}],"wp:attachment":[{"href":"https:\/\/azimutnauticshop.com\/index.php\/wp-json\/wp\/v2\/media?parent=6183"}],"wp:term":[{"taxonomy":"product_brand","embeddable":true,"href":"https:\/\/azimutnauticshop.com\/index.php\/wp-json\/wp\/v2\/product_brand?post=6183"},{"taxonomy":"product_cat","embeddable":true,"href":"https:\/\/azimutnauticshop.com\/index.php\/wp-json\/wp\/v2\/product_cat?post=6183"},{"taxonomy":"product_tag","embeddable":true,"href":"https:\/\/azimutnauticshop.com\/index.php\/wp-json\/wp\/v2\/product_tag?post=6183"}],"curies":[{"name":"wp","href":"https:\/\/api.w.org\/{rel}","templated":true}]}}