{"id":6159,"date":"2023-10-24T10:12:08","date_gmt":"2023-10-24T09:12:08","guid":{"rendered":"https:\/\/azimutnauticshop.com\/index.php\/product\/pumpa-kaljuzna-uronjiva-12v-500gph\/"},"modified":"2025-03-07T11:11:28","modified_gmt":"2025-03-07T11:11:28","slug":"pumpa-kaljuzna-uronjiva-12v-500gph","status":"publish","type":"product","link":"https:\/\/azimutnauticshop.com\/index.php\/product\/pumpa-kaljuzna-uronjiva-12v-500gph\/","title":{"rendered":"PUMPA KALJU\u017dNA URONJIVA 12v 500GPH"},"content":{"rendered":"<p><span style=\"vertical-align: inherit\">PUMPA KALJU\u017dNA URONJIVA 12v 500GPH<\/span><\/p>\n<ul>\n<li><span style=\"vertical-align: inherit\">500GPH=31,5lit\/min<\/span><\/li>\n<li><span style=\"vertical-align: inherit\">izlaz za crijevo (vanjski fi) &#8211; 20mm<\/span><\/li>\n<\/ul>\n<p><span style=\"vertical-align: inherit\">Uronjive kalju\u017ene pumpe napravljene od ABS plastike otporne na udarce pokre\u0107u najbolji kompaktni motor. Podloga sa sitom \u010dini ugradnju jednostavnom.<\/span><\/p>\n","protected":false},"excerpt":{"rendered":"<p>PUMPA KALJU\u017dNA URONJIVA 12v 500GPH 500GPH=31,5lit\/min izlaz za crijevo (vanjski fi) &#8211; 20mm Uronjive kalju\u017ene pumpe napravljene od ABS plastike otporne na udarce pokre\u0107u najbolji kompaktni motor. Podloga sa sitom \u010dini ugradnju jednostavnom.<\/p>\n","protected":false},"featured_media":7576,"comment_status":"open","ping_status":"closed","template":"","meta":{"site-sidebar-layout":"default","site-content-layout":"","ast-site-content-layout":"default","site-content-style":"default","site-sidebar-style":"default","ast-global-header-display":"","ast-banner-title-visibility":"","ast-main-header-display":"","ast-hfb-above-header-display":"","ast-hfb-below-header-display":"","ast-hfb-mobile-header-display":"","site-post-title":"","ast-breadcrumbs-content":"","ast-featured-img":"","footer-sml-layout":"","theme-transparent-header-meta":"default","adv-header-id-meta":"","stick-header-meta":"","header-above-stick-meta":"","header-main-stick-meta":"","header-below-stick-meta":"","astra-migrate-meta-layouts":"set","ast-page-background-enabled":"default","ast-page-background-meta":{"desktop":{"background-color":"","background-image":"","background-repeat":"repeat","background-position":"center center","background-size":"auto","background-attachment":"scroll","background-type":"","background-media":"","overlay-type":"","overlay-color":"","overlay-opacity":"","overlay-gradient":""},"tablet":{"background-color":"","background-image":"","background-repeat":"repeat","background-position":"center center","background-size":"auto","background-attachment":"scroll","background-type":"","background-media":"","overlay-type":"","overlay-color":"","overlay-opacity":"","overlay-gradient":""},"mobile":{"background-color":"","background-image":"","background-repeat":"repeat","background-position":"center center","background-size":"auto","background-attachment":"scroll","background-type":"","background-media":"","overlay-type":"","overlay-color":"","overlay-opacity":"","overlay-gradient":""}},"ast-content-background-meta":{"desktop":{"background-color":"var(--ast-global-color-5)","background-image":"","background-repeat":"repeat","background-position":"center center","background-size":"auto","background-attachment":"scroll","background-type":"","background-media":"","overlay-type":"","overlay-color":"","overlay-opacity":"","overlay-gradient":""},"tablet":{"background-color":"var(--ast-global-color-5)","background-image":"","background-repeat":"repeat","background-position":"center center","background-size":"auto","background-attachment":"scroll","background-type":"","background-media":"","overlay-type":"","overlay-color":"","overlay-opacity":"","overlay-gradient":""},"mobile":{"background-color":"var(--ast-global-color-5)","background-image":"","background-repeat":"repeat","background-position":"center center","background-size":"auto","background-attachment":"scroll","background-type":"","background-media":"","overlay-type":"","overlay-color":"","overlay-opacity":"","overlay-gradient":""}}},"product_brand":[],"product_cat":[81],"product_tag":[],"class_list":{"0":"post-6159","1":"product","2":"type-product","3":"status-publish","4":"has-post-thumbnail","6":"product_cat-uronjive-kaljuzne-pumpe","7":"desktop-align-center","8":"tablet-align-center","9":"mobile-align-center","11":"first","12":"instock","13":"shipping-taxable","14":"purchasable","15":"product-type-simple"},"yoast_head":"<!-- This site is optimized with the Yoast SEO plugin v25.2 - https:\/\/yoast.com\/wordpress\/plugins\/seo\/ -->\n<title>PUMPA KALJU\u017dNA URONJIVA 12v 500GPH<\/title>\n<meta name=\"description\" content=\"PUMPA KALJU\u017dNA URONJIVA 12v 500GPH 500GPH=31,5lit\/min izlaz za crijevo (vanjski fi) - 20mm Uronjive kalju\u017ene pumpe napravljene od ABS plastike otporne na\" \/>\n<meta name=\"robots\" content=\"index, follow, max-snippet:-1, max-image-preview:large, max-video-preview:-1\" \/>\n<link rel=\"canonical\" href=\"https:\/\/azimutnauticshop.com\/index.php\/product\/pumpa-kaljuzna-uronjiva-12v-500gph\/\" \/>\n<meta property=\"og:locale\" content=\"en_GB\" \/>\n<meta property=\"og:type\" content=\"article\" \/>\n<meta property=\"og:title\" content=\"PUMPA KALJU\u017dNA URONJIVA 12v 500GPH\" \/>\n<meta property=\"og:description\" content=\"PUMPA KALJU\u017dNA URONJIVA 12v 500GPH 500GPH=31,5lit\/min izlaz za crijevo (vanjski fi) - 20mm Uronjive kalju\u017ene pumpe napravljene od ABS plastike otporne na\" \/>\n<meta property=\"og:url\" content=\"https:\/\/azimutnauticshop.com\/index.php\/product\/pumpa-kaljuzna-uronjiva-12v-500gph\/\" \/>\n<meta property=\"og:site_name\" content=\"Azimut Nautic Shop\" \/>\n<meta property=\"article:publisher\" content=\"https:\/\/www.facebook.com\/NauticshopAzimut\/\" \/>\n<meta property=\"article:modified_time\" content=\"2025-03-07T11:11:28+00:00\" \/>\n<meta property=\"og:image\" content=\"https:\/\/azimutnauticshop.com\/wp-content\/uploads\/2023\/10\/933560bb-7619-489c-a1e5-269ee8526b53-scaled.jpg\" \/>\n\t<meta property=\"og:image:width\" content=\"2560\" \/>\n\t<meta property=\"og:image:height\" content=\"2560\" \/>\n\t<meta property=\"og:image:type\" content=\"image\/jpeg\" \/>\n<meta name=\"twitter:card\" content=\"summary_large_image\" \/>\n<meta name=\"twitter:label1\" content=\"Estimated reading time\" \/>\n\t<meta name=\"twitter:data1\" content=\"1 minute\" \/>\n<script type=\"application\/ld+json\" class=\"yoast-schema-graph\">{\"@context\":\"https:\/\/schema.org\",\"@graph\":[{\"@type\":\"WebPage\",\"@id\":\"https:\/\/azimutnauticshop.com\/index.php\/product\/pumpa-kaljuzna-uronjiva-12v-500gph\/\",\"url\":\"https:\/\/azimutnauticshop.com\/index.php\/product\/pumpa-kaljuzna-uronjiva-12v-500gph\/\",\"name\":\"PUMPA KALJU\u017dNA URONJIVA 12v 500GPH\",\"isPartOf\":{\"@id\":\"https:\/\/azimutnauticshop.com\/#website\"},\"primaryImageOfPage\":{\"@id\":\"https:\/\/azimutnauticshop.com\/index.php\/product\/pumpa-kaljuzna-uronjiva-12v-500gph\/#primaryimage\"},\"image\":{\"@id\":\"https:\/\/azimutnauticshop.com\/index.php\/product\/pumpa-kaljuzna-uronjiva-12v-500gph\/#primaryimage\"},\"thumbnailUrl\":\"https:\/\/azimutnauticshop.com\/wp-content\/uploads\/2023\/10\/933560bb-7619-489c-a1e5-269ee8526b53-scaled.jpg\",\"datePublished\":\"2023-10-24T09:12:08+00:00\",\"dateModified\":\"2025-03-07T11:11:28+00:00\",\"description\":\"PUMPA KALJU\u017dNA URONJIVA 12v 500GPH 500GPH=31,5lit\/min izlaz za crijevo (vanjski fi) - 20mm Uronjive kalju\u017ene pumpe napravljene od ABS plastike otporne na\",\"breadcrumb\":{\"@id\":\"https:\/\/azimutnauticshop.com\/index.php\/product\/pumpa-kaljuzna-uronjiva-12v-500gph\/#breadcrumb\"},\"inLanguage\":\"en-GB\",\"potentialAction\":[{\"@type\":\"ReadAction\",\"target\":[\"https:\/\/azimutnauticshop.com\/index.php\/product\/pumpa-kaljuzna-uronjiva-12v-500gph\/\"]}]},{\"@type\":\"ImageObject\",\"inLanguage\":\"en-GB\",\"@id\":\"https:\/\/azimutnauticshop.com\/index.php\/product\/pumpa-kaljuzna-uronjiva-12v-500gph\/#primaryimage\",\"url\":\"https:\/\/azimutnauticshop.com\/wp-content\/uploads\/2023\/10\/933560bb-7619-489c-a1e5-269ee8526b53-scaled.jpg\",\"contentUrl\":\"https:\/\/azimutnauticshop.com\/wp-content\/uploads\/2023\/10\/933560bb-7619-489c-a1e5-269ee8526b53-scaled.jpg\",\"width\":2560,\"height\":2560},{\"@type\":\"BreadcrumbList\",\"@id\":\"https:\/\/azimutnauticshop.com\/index.php\/product\/pumpa-kaljuzna-uronjiva-12v-500gph\/#breadcrumb\",\"itemListElement\":[{\"@type\":\"ListItem\",\"position\":1,\"name\":\"Po\u010detna\",\"item\":\"https:\/\/azimutnauticshop.com\/\"},{\"@type\":\"ListItem\",\"position\":2,\"name\":\"Trgovina\",\"item\":\"https:\/\/azimutnauticshop.com\/index.php\/trgovina\/\"},{\"@type\":\"ListItem\",\"position\":3,\"name\":\"PUMPA KALJU\u017dNA URONJIVA 12v 500GPH\"}]},{\"@type\":\"WebSite\",\"@id\":\"https:\/\/azimutnauticshop.com\/#website\",\"url\":\"https:\/\/azimutnauticshop.com\/\",\"name\":\"Azimut Nautic Shop\",\"description\":\"Prona\u0111ite svoj Azimut\",\"publisher\":{\"@id\":\"https:\/\/azimutnauticshop.com\/#organization\"},\"alternateName\":\"Azimut Nautic Shop\",\"potentialAction\":[{\"@type\":\"SearchAction\",\"target\":{\"@type\":\"EntryPoint\",\"urlTemplate\":\"https:\/\/azimutnauticshop.com\/?s={search_term_string}\"},\"query-input\":{\"@type\":\"PropertyValueSpecification\",\"valueRequired\":true,\"valueName\":\"search_term_string\"}}],\"inLanguage\":\"en-GB\"},{\"@type\":\"Organization\",\"@id\":\"https:\/\/azimutnauticshop.com\/#organization\",\"name\":\"Azimut Nautic Shop\",\"url\":\"https:\/\/azimutnauticshop.com\/\",\"logo\":{\"@type\":\"ImageObject\",\"inLanguage\":\"en-GB\",\"@id\":\"https:\/\/azimutnauticshop.com\/#\/schema\/logo\/image\/\",\"url\":\"https:\/\/azimutnauticshop.com\/wp-content\/uploads\/2023\/10\/cropped-512x512-mini.png\",\"contentUrl\":\"https:\/\/azimutnauticshop.com\/wp-content\/uploads\/2023\/10\/cropped-512x512-mini.png\",\"width\":512,\"height\":512,\"caption\":\"Azimut Nautic Shop\"},\"image\":{\"@id\":\"https:\/\/azimutnauticshop.com\/#\/schema\/logo\/image\/\"},\"sameAs\":[\"https:\/\/www.facebook.com\/NauticshopAzimut\/\",\"https:\/\/www.instagram.com\/azimutnauticshop\/\"]}]}<\/script>\n<!-- \/ Yoast SEO plugin. -->","yoast_head_json":{"title":"PUMPA KALJU\u017dNA URONJIVA 12v 500GPH","description":"PUMPA KALJU\u017dNA URONJIVA 12v 500GPH 500GPH=31,5lit\/min izlaz za crijevo (vanjski fi) - 20mm Uronjive kalju\u017ene pumpe napravljene od ABS plastike otporne na","robots":{"index":"index","follow":"follow","max-snippet":"max-snippet:-1","max-image-preview":"max-image-preview:large","max-video-preview":"max-video-preview:-1"},"canonical":"https:\/\/azimutnauticshop.com\/index.php\/product\/pumpa-kaljuzna-uronjiva-12v-500gph\/","og_locale":"en_GB","og_type":"article","og_title":"PUMPA KALJU\u017dNA URONJIVA 12v 500GPH","og_description":"PUMPA KALJU\u017dNA URONJIVA 12v 500GPH 500GPH=31,5lit\/min izlaz za crijevo (vanjski fi) - 20mm Uronjive kalju\u017ene pumpe napravljene od ABS plastike otporne na","og_url":"https:\/\/azimutnauticshop.com\/index.php\/product\/pumpa-kaljuzna-uronjiva-12v-500gph\/","og_site_name":"Azimut Nautic Shop","article_publisher":"https:\/\/www.facebook.com\/NauticshopAzimut\/","article_modified_time":"2025-03-07T11:11:28+00:00","og_image":[{"width":2560,"height":2560,"url":"https:\/\/azimutnauticshop.com\/wp-content\/uploads\/2023\/10\/933560bb-7619-489c-a1e5-269ee8526b53-scaled.jpg","type":"image\/jpeg"}],"twitter_card":"summary_large_image","twitter_misc":{"Estimated reading time":"1 minute"},"schema":{"@context":"https:\/\/schema.org","@graph":[{"@type":"WebPage","@id":"https:\/\/azimutnauticshop.com\/index.php\/product\/pumpa-kaljuzna-uronjiva-12v-500gph\/","url":"https:\/\/azimutnauticshop.com\/index.php\/product\/pumpa-kaljuzna-uronjiva-12v-500gph\/","name":"PUMPA KALJU\u017dNA URONJIVA 12v 500GPH","isPartOf":{"@id":"https:\/\/azimutnauticshop.com\/#website"},"primaryImageOfPage":{"@id":"https:\/\/azimutnauticshop.com\/index.php\/product\/pumpa-kaljuzna-uronjiva-12v-500gph\/#primaryimage"},"image":{"@id":"https:\/\/azimutnauticshop.com\/index.php\/product\/pumpa-kaljuzna-uronjiva-12v-500gph\/#primaryimage"},"thumbnailUrl":"https:\/\/azimutnauticshop.com\/wp-content\/uploads\/2023\/10\/933560bb-7619-489c-a1e5-269ee8526b53-scaled.jpg","datePublished":"2023-10-24T09:12:08+00:00","dateModified":"2025-03-07T11:11:28+00:00","description":"PUMPA KALJU\u017dNA URONJIVA 12v 500GPH 500GPH=31,5lit\/min izlaz za crijevo (vanjski fi) - 20mm Uronjive kalju\u017ene pumpe napravljene od ABS plastike otporne na","breadcrumb":{"@id":"https:\/\/azimutnauticshop.com\/index.php\/product\/pumpa-kaljuzna-uronjiva-12v-500gph\/#breadcrumb"},"inLanguage":"en-GB","potentialAction":[{"@type":"ReadAction","target":["https:\/\/azimutnauticshop.com\/index.php\/product\/pumpa-kaljuzna-uronjiva-12v-500gph\/"]}]},{"@type":"ImageObject","inLanguage":"en-GB","@id":"https:\/\/azimutnauticshop.com\/index.php\/product\/pumpa-kaljuzna-uronjiva-12v-500gph\/#primaryimage","url":"https:\/\/azimutnauticshop.com\/wp-content\/uploads\/2023\/10\/933560bb-7619-489c-a1e5-269ee8526b53-scaled.jpg","contentUrl":"https:\/\/azimutnauticshop.com\/wp-content\/uploads\/2023\/10\/933560bb-7619-489c-a1e5-269ee8526b53-scaled.jpg","width":2560,"height":2560},{"@type":"BreadcrumbList","@id":"https:\/\/azimutnauticshop.com\/index.php\/product\/pumpa-kaljuzna-uronjiva-12v-500gph\/#breadcrumb","itemListElement":[{"@type":"ListItem","position":1,"name":"Po\u010detna","item":"https:\/\/azimutnauticshop.com\/"},{"@type":"ListItem","position":2,"name":"Trgovina","item":"https:\/\/azimutnauticshop.com\/index.php\/trgovina\/"},{"@type":"ListItem","position":3,"name":"PUMPA KALJU\u017dNA URONJIVA 12v 500GPH"}]},{"@type":"WebSite","@id":"https:\/\/azimutnauticshop.com\/#website","url":"https:\/\/azimutnauticshop.com\/","name":"Azimut Nautic Shop","description":"Prona\u0111ite svoj Azimut","publisher":{"@id":"https:\/\/azimutnauticshop.com\/#organization"},"alternateName":"Azimut Nautic Shop","potentialAction":[{"@type":"SearchAction","target":{"@type":"EntryPoint","urlTemplate":"https:\/\/azimutnauticshop.com\/?s={search_term_string}"},"query-input":{"@type":"PropertyValueSpecification","valueRequired":true,"valueName":"search_term_string"}}],"inLanguage":"en-GB"},{"@type":"Organization","@id":"https:\/\/azimutnauticshop.com\/#organization","name":"Azimut Nautic Shop","url":"https:\/\/azimutnauticshop.com\/","logo":{"@type":"ImageObject","inLanguage":"en-GB","@id":"https:\/\/azimutnauticshop.com\/#\/schema\/logo\/image\/","url":"https:\/\/azimutnauticshop.com\/wp-content\/uploads\/2023\/10\/cropped-512x512-mini.png","contentUrl":"https:\/\/azimutnauticshop.com\/wp-content\/uploads\/2023\/10\/cropped-512x512-mini.png","width":512,"height":512,"caption":"Azimut Nautic Shop"},"image":{"@id":"https:\/\/azimutnauticshop.com\/#\/schema\/logo\/image\/"},"sameAs":["https:\/\/www.facebook.com\/NauticshopAzimut\/","https:\/\/www.instagram.com\/azimutnauticshop\/"]}]}},"_links":{"self":[{"href":"https:\/\/azimutnauticshop.com\/index.php\/wp-json\/wp\/v2\/product\/6159"}],"collection":[{"href":"https:\/\/azimutnauticshop.com\/index.php\/wp-json\/wp\/v2\/product"}],"about":[{"href":"https:\/\/azimutnauticshop.com\/index.php\/wp-json\/wp\/v2\/types\/product"}],"replies":[{"embeddable":true,"href":"https:\/\/azimutnauticshop.com\/index.php\/wp-json\/wp\/v2\/comments?post=6159"}],"wp:featuredmedia":[{"embeddable":true,"href":"https:\/\/azimutnauticshop.com\/index.php\/wp-json\/wp\/v2\/media\/7576"}],"wp:attachment":[{"href":"https:\/\/azimutnauticshop.com\/index.php\/wp-json\/wp\/v2\/media?parent=6159"}],"wp:term":[{"taxonomy":"product_brand","embeddable":true,"href":"https:\/\/azimutnauticshop.com\/index.php\/wp-json\/wp\/v2\/product_brand?post=6159"},{"taxonomy":"product_cat","embeddable":true,"href":"https:\/\/azimutnauticshop.com\/index.php\/wp-json\/wp\/v2\/product_cat?post=6159"},{"taxonomy":"product_tag","embeddable":true,"href":"https:\/\/azimutnauticshop.com\/index.php\/wp-json\/wp\/v2\/product_tag?post=6159"}],"curies":[{"name":"wp","href":"https:\/\/api.w.org\/{rel}","templated":true}]}}